{"id":191,"date":"2025-05-05T13:12:23","date_gmt":"2025-05-05T13:12:23","guid":{"rendered":"https:\/\/vanderveen.es\/?page_id=191"},"modified":"2025-07-31T10:28:41","modified_gmt":"2025-07-31T10:28:41","slug":"servicios","status":"publish","type":"page","link":"https:\/\/vanderveen.es\/?page_id=191","title":{"rendered":"Servicios"},"content":{"rendered":"\t\t<div data-elementor-type=\"wp-page\" data-elementor-id=\"191\" class=\"elementor elementor-191\">\n\t\t\t\t<div class=\"elementor-element elementor-element-2d6e5e4 e-con-full e-flex wpr-particle-no wpr-jarallax-no wpr-parallax-no wpr-sticky-section-no e-con e-parent\" data-id=\"2d6e5e4\" data-element_type=\"container\">\n\t\t<div class=\"elementor-element elementor-element-4069bc7 e-con-full e-flex wpr-particle-no wpr-jarallax-no wpr-parallax-no wpr-sticky-section-no e-con e-child\" data-id=\"4069bc7\" data-element_type=\"container\">\n\t\t<div class=\"elementor-element elementor-element-34edb39 e-flex e-con-boxed wpr-particle-no wpr-jarallax-no wpr-parallax-no wpr-sticky-section-no e-con e-child\" data-id=\"34edb39\" data-element_type=\"container\">\n\t\t\t\t\t<div class=\"e-con-inner\">\n\t\t\t\t<div class=\"elementor-element elementor-element-d26c2de elementor-widget elementor-widget-text-editor\" data-id=\"d26c2de\" data-element_type=\"widget\" data-widget_type=\"text-editor.default\">\n\t\t\t\t<div class=\"elementor-widget-container\">\n\t\t\t\t\t\t\t\t\t<p>Como interiorista y visualizador 3D freelance, colaboro con estudios, talleres y profesionales del dise\u00f1o, la arquitectura y las reformas que necesitan apoyo externo puntual o continuado. Me adapto a cada proyecto seg\u00fan la fase y el tipo de encargo.<\/p><p>Uno de los principales valores que ofrezco es aliviar la carga de trabajo gr\u00e1fico y t\u00e9cnico a profesionales que trabajan solos o con equipos reducidos. Puedo encargarme de la representaci\u00f3n y documentaci\u00f3n del proyecto para que el cliente pueda dedicar m\u00e1s tiempo a su parte creativa, t\u00e9cnica o directamente a sus propios clientes.<\/p>\t\t\t\t\t\t\t\t<\/div>\n\t\t\t\t<\/div>\n\t\t\t\t\t<\/div>\n\t\t\t\t<\/div>\n\t\t\t\t<\/div>\n\t\t<div class=\"elementor-element elementor-element-6853fd5 e-con-full e-flex wpr-particle-no wpr-jarallax-no wpr-parallax-no wpr-sticky-section-no e-con e-child\" data-id=\"6853fd5\" data-element_type=\"container\" data-settings=\"{&quot;background_background&quot;:&quot;classic&quot;}\">\n\t\t<div class=\"elementor-element elementor-element-fab98e8 e-flex e-con-boxed wpr-particle-no wpr-jarallax-no wpr-parallax-no wpr-sticky-section-no e-con e-child\" data-id=\"fab98e8\" data-element_type=\"container\">\n\t\t\t\t\t<div class=\"e-con-inner\">\n\t\t<div class=\"elementor-element elementor-element-c0d48ca e-con-full e-flex wpr-particle-no wpr-jarallax-no wpr-parallax-no wpr-sticky-section-no e-con e-child\" data-id=\"c0d48ca\" data-element_type=\"container\">\n\t\t\t\t<div class=\"elementor-element elementor-element-b36363a elementor-widget elementor-widget-heading\" data-id=\"b36363a\" data-element_type=\"widget\" id=\"servicio1\" data-widget_type=\"heading.default\">\n\t\t\t\t<div class=\"elementor-widget-container\">\n\t\t\t\t\t<h2 class=\"elementor-heading-title elementor-size-default\">Colaboraci\u00f3n freelance en proyectos de interiorismo<\/h2>\t\t\t\t<\/div>\n\t\t\t\t<\/div>\n\t\t\t\t<div class=\"elementor-element elementor-element-5317161 elementor-widget elementor-widget-text-editor\" data-id=\"5317161\" data-element_type=\"widget\" data-widget_type=\"text-editor.default\">\n\t\t\t\t<div class=\"elementor-widget-container\">\n\t\t\t\t\t\t\t\t\t<p>Apoyo a profesionales que buscan delegar parte del trabajo sin necesidad de contratar personal<br \/>en plantilla. Puedo integrarme en cualquier fase del proyecto, desde el inicio hasta la ejecuci\u00f3n:<\/p><p>\u25cf Toma de contacto y briefing inicial<br \/>\u25cf Medici\u00f3n del espacio y levantamiento de planos<br \/>\u25cf Propuesta de dise\u00f1o \/ anteproyecto<br \/>\u25cf Proyecto b\u00e1sico y ejecutivo<br \/>\u25cf Desarrollo de documentaci\u00f3n t\u00e9cnica<br \/>\u25cf Coordinaci\u00f3n y seguimiento de obra<\/p><p>Trabajo con total flexibilidad y puedo asumir tanto tareas completas como funciones de apoyo, en funci\u00f3n de las necesidades del cliente.<\/p>\t\t\t\t\t\t\t\t<\/div>\n\t\t\t\t<\/div>\n\t\t\t\t<\/div>\n\t\t<div class=\"elementor-element elementor-element-4303f4b e-con-full e-flex wpr-particle-no wpr-jarallax-no wpr-parallax-no wpr-sticky-section-no e-con e-child\" data-id=\"4303f4b\" data-element_type=\"container\">\n\t\t\t\t<div class=\"elementor-element elementor-element-b8cd6b2 elementor-widget elementor-widget-image\" data-id=\"b8cd6b2\" data-element_type=\"widget\" data-widget_type=\"image.default\">\n\t\t\t\t<div class=\"elementor-widget-container\">\n\t\t\t\t\t\t\t\t\t\t\t\t\t\t\t<img fetchpriority=\"high\" decoding=\"async\" width=\"1280\" height=\"1280\" src=\"https:\/\/vanderveen.es\/wp-content\/uploads\/2025\/07\/Imagen-02-e1753337778833.jpg\" class=\"attachment-full size-full wp-image-472\" alt=\"\" srcset=\"https:\/\/vanderveen.es\/wp-content\/uploads\/2025\/07\/Imagen-02-e1753337778833.jpg 1280w, https:\/\/vanderveen.es\/wp-content\/uploads\/2025\/07\/Imagen-02-e1753337778833-300x300.jpg 300w, https:\/\/vanderveen.es\/wp-content\/uploads\/2025\/07\/Imagen-02-e1753337778833-1024x1024.jpg 1024w, https:\/\/vanderveen.es\/wp-content\/uploads\/2025\/07\/Imagen-02-e1753337778833-150x150.jpg 150w, https:\/\/vanderveen.es\/wp-content\/uploads\/2025\/07\/Imagen-02-e1753337778833-768x768.jpg 768w\" sizes=\"(max-width: 1280px) 100vw, 1280px\" \/>\t\t\t\t\t\t\t\t\t\t\t\t\t\t\t<\/div>\n\t\t\t\t<\/div>\n\t\t\t\t<\/div>\n\t\t\t\t\t<\/div>\n\t\t\t\t<\/div>\n\t\t\t\t<\/div>\n\t\t<div class=\"elementor-element elementor-element-0de086b e-con-full e-flex wpr-particle-no wpr-jarallax-no wpr-parallax-no wpr-sticky-section-no e-con e-child\" data-id=\"0de086b\" data-element_type=\"container\">\n\t\t<div class=\"elementor-element elementor-element-51696de e-flex e-con-boxed wpr-particle-no wpr-jarallax-no wpr-parallax-no wpr-sticky-section-no e-con e-child\" data-id=\"51696de\" data-element_type=\"container\">\n\t\t\t\t\t<div class=\"e-con-inner\">\n\t\t<div class=\"elementor-element elementor-element-eee7ad4 e-con-full e-flex wpr-particle-no wpr-jarallax-no wpr-parallax-no wpr-sticky-section-no e-con e-child\" data-id=\"eee7ad4\" data-element_type=\"container\">\n\t\t\t\t<div class=\"elementor-element elementor-element-39a6a31 elementor-widget elementor-widget-heading\" data-id=\"39a6a31\" data-element_type=\"widget\" id=\"servicio2\" data-widget_type=\"heading.default\">\n\t\t\t\t<div class=\"elementor-widget-container\">\n\t\t\t\t\t<h2 class=\"elementor-heading-title elementor-size-default\">Representaci\u00f3n gr\u00e1fica y documentaci\u00f3n<\/h2>\t\t\t\t<\/div>\n\t\t\t\t<\/div>\n\t\t\t\t<div class=\"elementor-element elementor-element-84b1097 elementor-widget elementor-widget-text-editor\" data-id=\"84b1097\" data-element_type=\"widget\" data-widget_type=\"text-editor.default\">\n\t\t\t\t<div class=\"elementor-widget-container\">\n\t\t\t\t\t\t\t\t\t<p>Puedo encargarme de toda la parte de representaci\u00f3n gr\u00e1fica para proyectos ya dise\u00f1ados o en proceso, permitiendo que otros profesionales liberen tiempo para centrarse en sus clientes:<\/p><p>\u25cf Planimetr\u00eda t\u00e9cnica detallada (plantas, alzados, secciones, cotas&#8230;)<br \/>\u25cf Axonometr\u00edas y esquemas de distribuci\u00f3n<br \/>\u25cf Dossiers gr\u00e1ficos para presentar al cliente final<\/p>\t\t\t\t\t\t\t\t<\/div>\n\t\t\t\t<\/div>\n\t\t\t\t<\/div>\n\t\t<div class=\"elementor-element elementor-element-376bde3 e-con-full e-flex wpr-particle-no wpr-jarallax-no wpr-parallax-no wpr-sticky-section-no e-con e-child\" data-id=\"376bde3\" data-element_type=\"container\">\n\t\t\t\t<div class=\"elementor-element elementor-element-a77aa6b elementor-widget elementor-widget-image\" data-id=\"a77aa6b\" data-element_type=\"widget\" data-widget_type=\"image.default\">\n\t\t\t\t<div class=\"elementor-widget-container\">\n\t\t\t\t\t\t\t\t\t\t\t\t\t\t\t<img decoding=\"async\" width=\"1536\" height=\"1024\" src=\"https:\/\/vanderveen.es\/wp-content\/uploads\/2025\/07\/Imagen-01.jpg\" class=\"attachment-full size-full wp-image-450\" alt=\"\" srcset=\"https:\/\/vanderveen.es\/wp-content\/uploads\/2025\/07\/Imagen-01.jpg 1536w, https:\/\/vanderveen.es\/wp-content\/uploads\/2025\/07\/Imagen-01-300x200.jpg 300w, https:\/\/vanderveen.es\/wp-content\/uploads\/2025\/07\/Imagen-01-1024x683.jpg 1024w, https:\/\/vanderveen.es\/wp-content\/uploads\/2025\/07\/Imagen-01-768x512.jpg 768w\" sizes=\"(max-width: 1536px) 100vw, 1536px\" \/>\t\t\t\t\t\t\t\t\t\t\t\t\t\t\t<\/div>\n\t\t\t\t<\/div>\n\t\t\t\t<\/div>\n\t\t\t\t\t<\/div>\n\t\t\t\t<\/div>\n\t\t\t\t<\/div>\n\t\t<div class=\"elementor-element elementor-element-9fa0d61 e-con-full e-flex wpr-particle-no wpr-jarallax-no wpr-parallax-no wpr-sticky-section-no e-con e-child\" data-id=\"9fa0d61\" data-element_type=\"container\" data-settings=\"{&quot;background_background&quot;:&quot;classic&quot;}\">\n\t\t<div class=\"elementor-element elementor-element-ba9fdae e-flex e-con-boxed wpr-particle-no wpr-jarallax-no wpr-parallax-no wpr-sticky-section-no e-con e-child\" data-id=\"ba9fdae\" data-element_type=\"container\">\n\t\t\t\t\t<div class=\"e-con-inner\">\n\t\t<div class=\"elementor-element elementor-element-fbb07b5 e-con-full e-flex wpr-particle-no wpr-jarallax-no wpr-parallax-no wpr-sticky-section-no e-con e-child\" data-id=\"fbb07b5\" data-element_type=\"container\">\n\t\t\t\t<div class=\"elementor-element elementor-element-3d00d87 elementor-widget elementor-widget-heading\" data-id=\"3d00d87\" data-element_type=\"widget\" id=\"servicio3\" data-widget_type=\"heading.default\">\n\t\t\t\t<div class=\"elementor-widget-container\">\n\t\t\t\t\t<h2 class=\"elementor-heading-title elementor-size-default\">Renders e infoarquitectura (ArchViz)<\/h2>\t\t\t\t<\/div>\n\t\t\t\t<\/div>\n\t\t\t\t<div class=\"elementor-element elementor-element-63a5128 elementor-widget elementor-widget-text-editor\" data-id=\"63a5128\" data-element_type=\"widget\" data-widget_type=\"text-editor.default\">\n\t\t\t\t<div class=\"elementor-widget-container\">\n\t\t\t\t\t\t\t\t\t<p>Estoy especializado en visualizaci\u00f3n arquitect\u00f3nica (ArchViz), ofreciendo im\u00e1genes realistas y atractivas que permiten visualizar con precisi\u00f3n el resultado final de un proyecto:<\/p><p>\u25cf Renders de interiores (viviendas, cocinas, locales, etc.)<br \/>\u25cf Visualizaci\u00f3n de mobiliario o elementos a medida<br \/>\u25cf Renders para carpinter\u00edas, tiendas de cocinas o reformas<br \/>\u25cf Im\u00e1genes para cat\u00e1logos, presentaciones o redes sociales<\/p><p>Adem\u00e1s, al tener formaci\u00f3n y experiencia en interiorismo, no solo genero im\u00e1genes atractivas, sino que comprendo los espacios, su funcionalidad y sus detalles constructivos.<\/p>\t\t\t\t\t\t\t\t<\/div>\n\t\t\t\t<\/div>\n\t\t\t\t<\/div>\n\t\t<div class=\"elementor-element elementor-element-436fe69 e-con-full e-flex wpr-particle-no wpr-jarallax-no wpr-parallax-no wpr-sticky-section-no e-con e-child\" data-id=\"436fe69\" data-element_type=\"container\">\n\t\t\t\t<div class=\"elementor-element elementor-element-d5ddd69 elementor-widget elementor-widget-image\" data-id=\"d5ddd69\" data-element_type=\"widget\" data-widget_type=\"image.default\">\n\t\t\t\t<div class=\"elementor-widget-container\">\n\t\t\t\t\t\t\t\t\t\t\t\t\t\t\t<img decoding=\"async\" width=\"2560\" height=\"1440\" src=\"https:\/\/vanderveen.es\/wp-content\/uploads\/2025\/07\/02.jpg\" class=\"attachment-full size-full wp-image-438\" alt=\"\" srcset=\"https:\/\/vanderveen.es\/wp-content\/uploads\/2025\/07\/02.jpg 2560w, https:\/\/vanderveen.es\/wp-content\/uploads\/2025\/07\/02-300x169.jpg 300w, https:\/\/vanderveen.es\/wp-content\/uploads\/2025\/07\/02-1024x576.jpg 1024w, https:\/\/vanderveen.es\/wp-content\/uploads\/2025\/07\/02-768x432.jpg 768w, https:\/\/vanderveen.es\/wp-content\/uploads\/2025\/07\/02-1536x864.jpg 1536w, https:\/\/vanderveen.es\/wp-content\/uploads\/2025\/07\/02-2048x1152.jpg 2048w\" sizes=\"(max-width: 2560px) 100vw, 2560px\" \/>\t\t\t\t\t\t\t\t\t\t\t\t\t\t\t<\/div>\n\t\t\t\t<\/div>\n\t\t\t\t<\/div>\n\t\t\t\t\t<\/div>\n\t\t\t\t<\/div>\n\t\t\t\t<\/div>\n\t\t\t\t<\/div>\n\t\t\t\t<\/div>\n\t\t","protected":false},"excerpt":{"rendered":"<p>Como interiorista y visualizador 3D freelance, colaboro con estudios, talleres y profesionales del dise\u00f1o, la arquitectura y las reformas que necesitan apoyo externo puntual o continuado. Me adapto a cada proyecto seg\u00fan la fase y el tipo de encargo. Uno de los principales valores que ofrezco es aliviar la carga de trabajo gr\u00e1fico y t\u00e9cnico a profesionales que trabajan solos o con equipos reducidos. Puedo encargarme de la representaci\u00f3n y documentaci\u00f3n del proyecto para que el cliente pueda dedicar m\u00e1s tiempo a su parte creativa, t\u00e9cnica o directamente a sus propios clientes. Colaboraci\u00f3n freelance en proyectos de interiorismo Apoyo a profesionales que buscan delegar parte del trabajo sin necesidad de contratar personalen plantilla. Puedo integrarme en cualquier fase del proyecto, desde el inicio hasta la ejecuci\u00f3n: \u25cf Toma de contacto y briefing inicial\u25cf Medici\u00f3n del espacio y levantamiento de planos\u25cf Propuesta de dise\u00f1o \/ anteproyecto\u25cf Proyecto b\u00e1sico y ejecutivo\u25cf Desarrollo de documentaci\u00f3n t\u00e9cnica\u25cf Coordinaci\u00f3n y seguimiento de obra Trabajo con total flexibilidad y puedo asumir tanto tareas completas como funciones de apoyo, en funci\u00f3n de las necesidades del cliente. Representaci\u00f3n gr\u00e1fica y documentaci\u00f3n Puedo encargarme de toda la parte de representaci\u00f3n gr\u00e1fica para proyectos ya dise\u00f1ados o en proceso, permitiendo que otros profesionales liberen tiempo para centrarse en sus clientes: \u25cf Planimetr\u00eda t\u00e9cnica detallada (plantas, alzados, secciones, cotas&#8230;)\u25cf Axonometr\u00edas y esquemas de distribuci\u00f3n\u25cf Dossiers gr\u00e1ficos para presentar al cliente final Renders e infoarquitectura (ArchViz) Estoy especializado en visualizaci\u00f3n arquitect\u00f3nica (ArchViz), ofreciendo im\u00e1genes realistas y atractivas que permiten visualizar con precisi\u00f3n el resultado final de un proyecto: \u25cf Renders de interiores (viviendas, cocinas, locales, etc.)\u25cf Visualizaci\u00f3n de mobiliario o elementos a medida\u25cf Renders para carpinter\u00edas, tiendas de cocinas o reformas\u25cf Im\u00e1genes para cat\u00e1logos, presentaciones o redes sociales Adem\u00e1s, al tener formaci\u00f3n y experiencia en interiorismo, no solo genero im\u00e1genes atractivas, sino que comprendo los espacios, su funcionalidad y sus detalles constructivos.<\/p>\n","protected":false},"author":2,"featured_media":0,"parent":0,"menu_order":0,"comment_status":"closed","ping_status":"closed","template":"","meta":{"footnotes":""},"class_list":["post-191","page","type-page","status-publish","hentry"],"_links":{"self":[{"href":"https:\/\/vanderveen.es\/index.php?rest_route=\/wp\/v2\/pages\/191","targetHints":{"allow":["GET"]}}],"collection":[{"href":"https:\/\/vanderveen.es\/index.php?rest_route=\/wp\/v2\/pages"}],"about":[{"href":"https:\/\/vanderveen.es\/index.php?rest_route=\/wp\/v2\/types\/page"}],"author":[{"embeddable":true,"href":"https:\/\/vanderveen.es\/index.php?rest_route=\/wp\/v2\/users\/2"}],"replies":[{"embeddable":true,"href":"https:\/\/vanderveen.es\/index.php?rest_route=%2Fwp%2Fv2%2Fcomments&post=191"}],"version-history":[{"count":34,"href":"https:\/\/vanderveen.es\/index.php?rest_route=\/wp\/v2\/pages\/191\/revisions"}],"predecessor-version":[{"id":687,"href":"https:\/\/vanderveen.es\/index.php?rest_route=\/wp\/v2\/pages\/191\/revisions\/687"}],"wp:attachment":[{"href":"https:\/\/vanderveen.es\/index.php?rest_route=%2Fwp%2Fv2%2Fmedia&parent=191"}],"curies":[{"name":"wp","href":"https:\/\/api.w.org\/{rel}","templated":true}]}}